{"id":6236,"date":"2025-11-26T17:03:43","date_gmt":"2025-11-26T22:03:43","guid":{"rendered":"https:\/\/bonsaieternel.com\/?post_type=product&#038;p=6236"},"modified":"2025-11-29T11:09:37","modified_gmt":"2025-11-29T16:09:37","slug":"auralion","status":"publish","type":"product","link":"https:\/\/bonsaieternel.com\/fr\/produit\/auralion\/","title":{"rendered":"Auralion"},"content":{"rendered":"<p data-start=\"590\" data-end=\"821\"><strong data-start=\"590\" data-end=\"602\">Auralion<\/strong> est une sculpture d\u2019arbre en cuivre rayonnante, con\u00e7ue pour incarner la lumi\u00e8re int\u00e9rieure et la clart\u00e9 silencieuse.<br data-start=\"686\" data-end=\"689\" \/>Ses branches torsad\u00e9es \u00e0 la main, ancr\u00e9es dans une base de bronze massif, cr\u00e9ent une silhouette lumineuse qui \u00e9volue doucement avec la lumi\u00e8re naturelle.<\/p>\n<p data-start=\"823\" data-end=\"1079\">Chaque branche est fa\u00e7onn\u00e9e individuellement et torsad\u00e9e des centaines de fois, formant un couvert qui d\u00e9gage une pr\u00e9sence douce et r\u00e9confortante.\nLe bronze patin\u00e9 r\u00e9v\u00e8le des tons dor\u00e9s qui changent subtilement au fil du jour \u2014 donnant l\u2019impression d\u2019un arbre vivant de lumi\u00e8re.<\/p>\n<p data-start=\"1081\" data-end=\"1341\">Auralion symbolise le renouveau, la clart\u00e9 et cette douce illumination qui nous guide dans les passages de la vie.<br data-start=\"1189\" data-end=\"1192\" \/>Elle est con\u00e7ue pour les lieux o\u00f9 r\u00e9flexion et s\u00e9r\u00e9nit\u00e9 sont les bienvenues : sanctuaires priv\u00e9s, alc\u00f4ves comm\u00e9moratives, salles de lecture ou int\u00e9rieurs contemplatifs.<\/p>\n<p data-start=\"1343\" data-end=\"1505\"><strong data-start=\"1343\" data-end=\"1357\">Particuli\u00e8rement appr\u00e9ci\u00e9e pour :<\/strong><br data-start=\"1357\" data-end=\"1360\" \/>\u2022 le souvenir personnel<br data-start=\"1382\" data-end=\"1385\" \/>\u2022 honorer un \u00eatre cher<br data-start=\"1407\" data-end=\"1410\" \/>\u2022 un art-m\u00e9morial discret et r\u00e9confortant<br data-start=\"1449\" data-end=\"1452\" \/>\u2022 un espace d\u00e9di\u00e9 au calme, \u00e0 la m\u00e9ditation ou \u00e0 l\u2019ancrage<\/p>\n<p data-start=\"1507\" data-end=\"1572\"><em data-start=\"1507\" data-end=\"1572\">Un arbre de lumi\u00e8re tranquille \u2014 il veille en silence.<\/em><\/p>","protected":false},"excerpt":{"rendered":"<p><strong>Un arbre sacr\u00e9 en cuivre, irradiant une lumi\u00e8re paisible.<\/strong><\/p>\n<p>Dimensions: Hauteur: <strong data-start=\"428\" data-end=\"437\">37 cm<\/strong> - Largeur <strong data-start=\"446\" data-end=\"455\">45 cm<\/strong><\/p>","protected":false},"featured_media":5916,"comment_status":"open","ping_status":"closed","template":"","meta":{"_monsterinsights_skip_tracking":false,"_monsterinsights_sitenote_active":false,"_monsterinsights_sitenote_note":"","_monsterinsights_sitenote_category":0,"site-sidebar-layout":"default","site-content-layout":"","ast-site-content-layout":"default","site-content-style":"default","site-sidebar-style":"default","ast-global-header-display":"","ast-banner-title-visibility":"","ast-main-header-display":"","ast-hfb-above-header-display":"","ast-hfb-below-header-display":"","ast-hfb-mobile-header-display":"","site-post-title":"","ast-breadcrumbs-content":"","ast-featured-img":"","footer-sml-layout":"","ast-disable-related-posts":"","theme-transparent-header-meta":"default","adv-header-id-meta":"","stick-header-meta":"default","header-above-stick-meta":"","header-main-stick-meta":"","header-below-stick-meta":"","astra-migrate-meta-layouts":"set","ast-page-background-enabled":"default","ast-page-background-meta":{"desktop":{"background-color":"","background-image":"","background-repeat":"repeat","background-position":"center center","background-size":"auto","background-attachment":"scroll","background-type":"","background-media":"","overlay-type":"","overlay-color":"","overlay-opacity":"","overlay-gradient":""},"tablet":{"background-color":"","background-image":"","background-repeat":"repeat","background-position":"center center","background-size":"auto","background-attachment":"scroll","background-type":"","background-media":"","overlay-type":"","overlay-color":"","overlay-opacity":"","overlay-gradient":""},"mobile":{"background-color":"","background-image":"","background-repeat":"repeat","background-position":"center center","background-size":"auto","background-attachment":"scroll","background-type":"","background-media":"","overlay-type":"","overlay-color":"","overlay-opacity":"","overlay-gradient":""}},"ast-content-background-meta":{"desktop":{"background-color":"var(--ast-global-color-5)","background-image":"","background-repeat":"repeat","background-position":"center center","background-size":"auto","background-attachment":"scroll","background-type":"","background-media":"","overlay-type":"","overlay-color":"","overlay-opacity":"","overlay-gradient":""},"tablet":{"background-color":"var(--ast-global-color-5)","background-image":"","background-repeat":"repeat","background-position":"center center","background-size":"auto","background-attachment":"scroll","background-type":"","background-media":"","overlay-type":"","overlay-color":"","overlay-opacity":"","overlay-gradient":""},"mobile":{"background-color":"var(--ast-global-color-5)","background-image":"","background-repeat":"repeat","background-position":"center center","background-size":"auto","background-attachment":"scroll","background-type":"","background-media":"","overlay-type":"","overlay-color":"","overlay-opacity":"","overlay-gradient":""}}},"product_brand":[],"product_cat":[49],"product_tag":[],"class_list":{"0":"post-6236","1":"product","2":"type-product","3":"status-publish","4":"has-post-thumbnail","6":"product_cat-bronze-collection","7":"desktop-align-left","8":"tablet-align-left","9":"mobile-align-left","10":"ast-product-gallery-layout-horizontal-slider","11":"ast-product-tabs-layout-horizontal","13":"first","14":"instock","15":"taxable","16":"shipping-taxable","17":"purchasable","18":"product-type-simple"},"aioseo_notices":[],"_links":{"self":[{"href":"https:\/\/bonsaieternel.com\/fr\/wp-json\/wp\/v2\/product\/6236","targetHints":{"allow":["GET"]}}],"collection":[{"href":"https:\/\/bonsaieternel.com\/fr\/wp-json\/wp\/v2\/product"}],"about":[{"href":"https:\/\/bonsaieternel.com\/fr\/wp-json\/wp\/v2\/types\/product"}],"replies":[{"embeddable":true,"href":"https:\/\/bonsaieternel.com\/fr\/wp-json\/wp\/v2\/comments?post=6236"}],"wp:featuredmedia":[{"embeddable":true,"href":"https:\/\/bonsaieternel.com\/fr\/wp-json\/wp\/v2\/media\/5916"}],"wp:attachment":[{"href":"https:\/\/bonsaieternel.com\/fr\/wp-json\/wp\/v2\/media?parent=6236"}],"wp:term":[{"taxonomy":"product_brand","embeddable":true,"href":"https:\/\/bonsaieternel.com\/fr\/wp-json\/wp\/v2\/product_brand?post=6236"},{"taxonomy":"product_cat","embeddable":true,"href":"https:\/\/bonsaieternel.com\/fr\/wp-json\/wp\/v2\/product_cat?post=6236"},{"taxonomy":"product_tag","embeddable":true,"href":"https:\/\/bonsaieternel.com\/fr\/wp-json\/wp\/v2\/product_tag?post=6236"}],"curies":[{"name":"wp","href":"https:\/\/api.w.org\/{rel}","templated":true}]}}