{"id":6237,"date":"2025-11-26T17:06:10","date_gmt":"2025-11-26T22:06:10","guid":{"rendered":"https:\/\/bonsaieternel.com\/?post_type=product&#038;p=6237"},"modified":"2025-11-28T11:01:58","modified_gmt":"2025-11-28T16:01:58","slug":"queen-of-the-wood","status":"publish","type":"product","link":"https:\/\/bonsaieternel.com\/fr\/produit\/queen-of-the-wood\/","title":{"rendered":"Reine des Bois"},"content":{"rendered":"<p data-start=\"358\" data-end=\"657\"><em data-start=\"358\" data-end=\"377\">Reine des Bois<\/em> Puise sa pr\u00e9sence dans l\u2019immobilit\u00e9 profonde des for\u00eats anciennes.<br data-start=\"440\" data-end=\"443\" \/>Son tronc de cuivre fa\u00e7onn\u00e9 \u00e0 la main s\u2019\u00e9l\u00e8ve avec une autorit\u00e9 silencieuse, \u00e9voquant la m\u00e9moire des arbres qui ont veill\u00e9 sur des g\u00e9n\u00e9rations.<br data-start=\"558\" data-end=\"561\" \/>Ses branches se d\u00e9ploient avec un rythme doux et organique, r\u00e9v\u00e9lant des patines chaleureuses qui changent avec la lumi\u00e8re.<\/p>\n<p data-start=\"659\" data-end=\"890\">Cette sculpture agit comme un gardien \u2014 symbole de force int\u00e9rieure, d\u2019intuition et de sagesse enracin\u00e9e.<br data-start=\"754\" data-end=\"757\" \/>Une branche discr\u00e8te et cach\u00e9e vous permet d\u2019y placer un message personnel, un v\u0153u ou un objet symbolique, prot\u00e9g\u00e9 au c\u0153ur m\u00eame de la sculpture.<\/p>\n<p data-start=\"892\" data-end=\"1242\">Particuli\u00e8rement appr\u00e9ci\u00e9e pour :<br data-start=\"902\" data-end=\"905\" \/>\u2022 des int\u00e9rieurs invitant au calme, \u00e0 la r\u00e9flexion ou \u00e0 la r\u00e9sonance naturelle<br data-start=\"967\" data-end=\"970\" \/>\u2022 des collectionneurs attir\u00e9s par les motifs mystiques ou ancestraux<br data-start=\"1020\" data-end=\"1023\" \/>\u2022 cr\u00e9er un point focal de s\u00e9r\u00e9nit\u00e9 dans les salons, studios ou espaces de lecture<br data-start=\"1103\" data-end=\"1106\" \/>\u2022 marquer une transition, une intention ou une \u00e9tape personnelle importante<br data-start=\"1162\" data-end=\"1165\" \/>\u2022 ceux qui appr\u00e9cient la po\u00e9sie d\u2019un lieu secret nich\u00e9 dans l\u2019\u0153uvre<\/p>\n<p data-start=\"1244\" data-end=\"1298\">Une pr\u00e9sence souveraine \u2014 enracin\u00e9e, vigilante et intemporelle.<\/p>","protected":false},"excerpt":{"rendered":"<p><strong>Un arbre sculptural en cuivre dot\u00e9 d\u2019une branche cach\u00e9e con\u00e7ue pour prot\u00e9ger des notes secr\u00e8tes ou des souvenirs.<\/strong><br data-start=\"953\" data-end=\"956\" \/><strong>Une pr\u00e9sence calme et ancr\u00e9e, inspir\u00e9e des for\u00eats anciennes.<\/strong><\/p>\n<p>Poids : 2 lbs <strong>2,8 kg<\/strong><br \/>\nDimensions: Hauteur: <strong>40 cm<\/strong> - Largeur<strong> 34 cm<\/strong><\/p>","protected":false},"featured_media":6012,"comment_status":"open","ping_status":"closed","template":"","meta":{"_monsterinsights_skip_tracking":false,"_monsterinsights_sitenote_active":false,"_monsterinsights_sitenote_note":"","_monsterinsights_sitenote_category":0,"site-sidebar-layout":"default","site-content-layout":"","ast-site-content-layout":"default","site-content-style":"default","site-sidebar-style":"default","ast-global-header-display":"","ast-banner-title-visibility":"","ast-main-header-display":"","ast-hfb-above-header-display":"","ast-hfb-below-header-display":"","ast-hfb-mobile-header-display":"","site-post-title":"","ast-breadcrumbs-content":"","ast-featured-img":"","footer-sml-layout":"","ast-disable-related-posts":"","theme-transparent-header-meta":"default","adv-header-id-meta":"","stick-header-meta":"default","header-above-stick-meta":"","header-main-stick-meta":"","header-below-stick-meta":"","astra-migrate-meta-layouts":"set","ast-page-background-enabled":"default","ast-page-background-meta":{"desktop":{"background-color":"","background-image":"","background-repeat":"repeat","background-position":"center center","background-size":"auto","background-attachment":"scroll","background-type":"","background-media":"","overlay-type":"","overlay-color":"","overlay-opacity":"","overlay-gradient":""},"tablet":{"background-color":"","background-image":"","background-repeat":"repeat","background-position":"center center","background-size":"auto","background-attachment":"scroll","background-type":"","background-media":"","overlay-type":"","overlay-color":"","overlay-opacity":"","overlay-gradient":""},"mobile":{"background-color":"","background-image":"","background-repeat":"repeat","background-position":"center center","background-size":"auto","background-attachment":"scroll","background-type":"","background-media":"","overlay-type":"","overlay-color":"","overlay-opacity":"","overlay-gradient":""}},"ast-content-background-meta":{"desktop":{"background-color":"var(--ast-global-color-5)","background-image":"","background-repeat":"repeat","background-position":"center center","background-size":"auto","background-attachment":"scroll","background-type":"","background-media":"","overlay-type":"","overlay-color":"","overlay-opacity":"","overlay-gradient":""},"tablet":{"background-color":"var(--ast-global-color-5)","background-image":"","background-repeat":"repeat","background-position":"center center","background-size":"auto","background-attachment":"scroll","background-type":"","background-media":"","overlay-type":"","overlay-color":"","overlay-opacity":"","overlay-gradient":""},"mobile":{"background-color":"var(--ast-global-color-5)","background-image":"","background-repeat":"repeat","background-position":"center center","background-size":"auto","background-attachment":"scroll","background-type":"","background-media":"","overlay-type":"","overlay-color":"","overlay-opacity":"","overlay-gradient":""}}},"product_brand":[],"product_cat":[50],"product_tag":[],"class_list":{"0":"post-6237","1":"product","2":"type-product","3":"status-publish","4":"has-post-thumbnail","6":"product_cat-large-stone-collection","7":"desktop-align-left","8":"tablet-align-left","9":"mobile-align-left","10":"ast-product-gallery-layout-horizontal-slider","11":"ast-product-tabs-layout-horizontal","13":"first","14":"instock","15":"taxable","16":"shipping-taxable","17":"purchasable","18":"product-type-simple"},"aioseo_notices":[],"_links":{"self":[{"href":"https:\/\/bonsaieternel.com\/fr\/wp-json\/wp\/v2\/product\/6237","targetHints":{"allow":["GET"]}}],"collection":[{"href":"https:\/\/bonsaieternel.com\/fr\/wp-json\/wp\/v2\/product"}],"about":[{"href":"https:\/\/bonsaieternel.com\/fr\/wp-json\/wp\/v2\/types\/product"}],"replies":[{"embeddable":true,"href":"https:\/\/bonsaieternel.com\/fr\/wp-json\/wp\/v2\/comments?post=6237"}],"wp:featuredmedia":[{"embeddable":true,"href":"https:\/\/bonsaieternel.com\/fr\/wp-json\/wp\/v2\/media\/6012"}],"wp:attachment":[{"href":"https:\/\/bonsaieternel.com\/fr\/wp-json\/wp\/v2\/media?parent=6237"}],"wp:term":[{"taxonomy":"product_brand","embeddable":true,"href":"https:\/\/bonsaieternel.com\/fr\/wp-json\/wp\/v2\/product_brand?post=6237"},{"taxonomy":"product_cat","embeddable":true,"href":"https:\/\/bonsaieternel.com\/fr\/wp-json\/wp\/v2\/product_cat?post=6237"},{"taxonomy":"product_tag","embeddable":true,"href":"https:\/\/bonsaieternel.com\/fr\/wp-json\/wp\/v2\/product_tag?post=6237"}],"curies":[{"name":"wp","href":"https:\/\/api.w.org\/{rel}","templated":true}]}}