{"id":6246,"date":"2025-11-27T08:38:04","date_gmt":"2025-11-27T13:38:04","guid":{"rendered":"https:\/\/bonsaieternel.com\/?post_type=product&#038;p=6246"},"modified":"2025-11-28T11:30:35","modified_gmt":"2025-11-28T16:30:35","slug":"skybound-twins","status":"publish","type":"product","link":"https:\/\/bonsaieternel.com\/fr\/produit\/skybound-twins\/","title":{"rendered":"Les Jumeaux C\u00e9lestes"},"content":{"rendered":"<p data-start=\"1290\" data-end=\"1600\"><em data-start=\"1290\" data-end=\"1306\">Les Jumeaux C\u00e9lestes<\/em> captures the harmony between two forms that rise together while keeping their individuality.<br data-start=\"1399\" data-end=\"1402\" \/>Copper lines mirror and balance each other, creating a sense of shared momentum and subtle dialogue.<br data-start=\"1502\" data-end=\"1505\" \/>The patinated surface gives the sculpture a soft luminosity, echoing skies at dawn or twilight.<\/p>\n<p data-start=\"1602\" data-end=\"1805\">A hidden branch serves as a private space for a message, wish, or symbolic token shared between two paths.<br data-start=\"1708\" data-end=\"1711\" \/>Ideal for moments of connection or partnership, it brings a serene duality to any environment.<\/p>\n<p data-start=\"1807\" data-end=\"2055\"><strong data-start=\"1807\" data-end=\"1821\">Particuli\u00e8rement appr\u00e9ci\u00e9e pour :<\/strong><br data-start=\"1821\" data-end=\"1824\" \/>\u2022 celebrating a bond, unity, or shared journey<br data-start=\"1870\" data-end=\"1873\" \/>\u2022 offering a symbolic piece to mark a meaningful partnership<br data-start=\"1933\" data-end=\"1936\" \/>\u2022 intimate interiors seeking harmony and balance<br data-start=\"1984\" data-end=\"1987\" \/>\u2022 collectors who appreciate a hidden chamber for shared intentions<\/p>\n<p data-start=\"2057\" data-end=\"2102\"><em data-start=\"2057\" data-end=\"2102\">Two spirits rising \u2014 distinct, yet aligned.<\/em><\/p>","protected":false},"excerpt":{"rendered":"<p><strong>Leur branches s\u2019\u00e9levant dans l\u2019harmonie et l\u2019\u00e9quilibre.<\/strong><br data-start=\"774\" data-end=\"777\" \/><strong>Une branche discr\u00e8te permet de pr\u00e9server un message intime ou un symbole \u00e0 l\u2019int\u00e9rieur de la pi\u00e8ce.<\/strong><\/p>\n<p>Poids : 2 lbs<strong> 1.4 kg<\/strong><br \/>\nDimensions: Hauteur: <strong>26 cm<\/strong> - Largeur <strong>26 cm\u00a0<\/strong><\/p>","protected":false},"featured_media":5987,"comment_status":"open","ping_status":"closed","template":"","meta":{"_monsterinsights_skip_tracking":false,"_monsterinsights_sitenote_active":false,"_monsterinsights_sitenote_note":"","_monsterinsights_sitenote_category":0,"site-sidebar-layout":"default","site-content-layout":"","ast-site-content-layout":"default","site-content-style":"default","site-sidebar-style":"default","ast-global-header-display":"","ast-banner-title-visibility":"","ast-main-header-display":"","ast-hfb-above-header-display":"","ast-hfb-below-header-display":"","ast-hfb-mobile-header-display":"","site-post-title":"","ast-breadcrumbs-content":"","ast-featured-img":"","footer-sml-layout":"","ast-disable-related-posts":"","theme-transparent-header-meta":"default","adv-header-id-meta":"","stick-header-meta":"default","header-above-stick-meta":"","header-main-stick-meta":"","header-below-stick-meta":"","astra-migrate-meta-layouts":"set","ast-page-background-enabled":"default","ast-page-background-meta":{"desktop":{"background-color":"","background-image":"","background-repeat":"repeat","background-position":"center center","background-size":"auto","background-attachment":"scroll","background-type":"","background-media":"","overlay-type":"","overlay-color":"","overlay-opacity":"","overlay-gradient":""},"tablet":{"background-color":"","background-image":"","background-repeat":"repeat","background-position":"center center","background-size":"auto","background-attachment":"scroll","background-type":"","background-media":"","overlay-type":"","overlay-color":"","overlay-opacity":"","overlay-gradient":""},"mobile":{"background-color":"","background-image":"","background-repeat":"repeat","background-position":"center center","background-size":"auto","background-attachment":"scroll","background-type":"","background-media":"","overlay-type":"","overlay-color":"","overlay-opacity":"","overlay-gradient":""}},"ast-content-background-meta":{"desktop":{"background-color":"var(--ast-global-color-5)","background-image":"","background-repeat":"repeat","background-position":"center center","background-size":"auto","background-attachment":"scroll","background-type":"","background-media":"","overlay-type":"","overlay-color":"","overlay-opacity":"","overlay-gradient":""},"tablet":{"background-color":"var(--ast-global-color-5)","background-image":"","background-repeat":"repeat","background-position":"center center","background-size":"auto","background-attachment":"scroll","background-type":"","background-media":"","overlay-type":"","overlay-color":"","overlay-opacity":"","overlay-gradient":""},"mobile":{"background-color":"var(--ast-global-color-5)","background-image":"","background-repeat":"repeat","background-position":"center center","background-size":"auto","background-attachment":"scroll","background-type":"","background-media":"","overlay-type":"","overlay-color":"","overlay-opacity":"","overlay-gradient":""}}},"product_brand":[],"product_cat":[51],"product_tag":[],"class_list":{"0":"post-6246","1":"product","2":"type-product","3":"status-publish","4":"has-post-thumbnail","6":"product_cat-medium-stone-collection","7":"desktop-align-left","8":"tablet-align-left","9":"mobile-align-left","10":"ast-product-gallery-layout-horizontal-slider","11":"ast-product-tabs-layout-horizontal","13":"first","14":"instock","15":"taxable","16":"shipping-taxable","17":"purchasable","18":"product-type-simple"},"aioseo_notices":[],"_links":{"self":[{"href":"https:\/\/bonsaieternel.com\/fr\/wp-json\/wp\/v2\/product\/6246","targetHints":{"allow":["GET"]}}],"collection":[{"href":"https:\/\/bonsaieternel.com\/fr\/wp-json\/wp\/v2\/product"}],"about":[{"href":"https:\/\/bonsaieternel.com\/fr\/wp-json\/wp\/v2\/types\/product"}],"replies":[{"embeddable":true,"href":"https:\/\/bonsaieternel.com\/fr\/wp-json\/wp\/v2\/comments?post=6246"}],"wp:featuredmedia":[{"embeddable":true,"href":"https:\/\/bonsaieternel.com\/fr\/wp-json\/wp\/v2\/media\/5987"}],"wp:attachment":[{"href":"https:\/\/bonsaieternel.com\/fr\/wp-json\/wp\/v2\/media?parent=6246"}],"wp:term":[{"taxonomy":"product_brand","embeddable":true,"href":"https:\/\/bonsaieternel.com\/fr\/wp-json\/wp\/v2\/product_brand?post=6246"},{"taxonomy":"product_cat","embeddable":true,"href":"https:\/\/bonsaieternel.com\/fr\/wp-json\/wp\/v2\/product_cat?post=6246"},{"taxonomy":"product_tag","embeddable":true,"href":"https:\/\/bonsaieternel.com\/fr\/wp-json\/wp\/v2\/product_tag?post=6246"}],"curies":[{"name":"wp","href":"https:\/\/api.w.org\/{rel}","templated":true}]}}